{"id":13,"date":"2020-06-22T11:38:06","date_gmt":"2020-06-22T11:38:06","guid":{"rendered":"http:\/\/treeviews.de\/?page_id=13"},"modified":"2025-02-17T21:31:42","modified_gmt":"2025-02-17T21:31:42","slug":"projekte","status":"publish","type":"page","link":"https:\/\/treeviews.de\/?page_id=13","title":{"rendered":"Treeviews Werkstatt"},"content":{"rendered":"\n<p><\/p>\n\n\n\n<p style=\"font-size:20px\"><em>Sch\u00f6ne Gr\u00fc\u00dfe &#8211; Verbindungen schaffen<\/em><\/p>\n\n\n\n<p>Bilder und Gr\u00fc\u00dfe,  in Verbindung sein &#8211; Post- und Gru\u00dfkarten mit pers\u00f6nlichen Gr\u00fc\u00dfen erfreuen auch in Zeiten digitaler Kommunikationsmedien die Menschen, die sie empfangen. Anders als schnelle Textnachrichten schaffen sie doch eine andere Verbindung und haben einen bleibenden Erinnerungswert.<\/p>\n\n\n\n<p>Neben klassischen  Postkarten, Themenkarten und Gru\u00dfkarten erweitern wir stetig unser Angebot in Kooperation mit regionalen Fotografen und Kunstschaffenden.  <\/p>\n\n\n\n<p><\/p>\n\n\n\n<p> <\/p>\n\n\n\n<p>Gern realisieren wir auch Ihre individuellen W\u00fcnsche und Kartenprojekte.<\/p>\n\n\n\n<p><\/p>\n\n\n\n<hr class=\"wp-block-separator has-alpha-channel-opacity\"\/>\n\n\n\n<p><\/p>\n","protected":false},"excerpt":{"rendered":"<p>Sch\u00f6ne Gr\u00fc\u00dfe &#8211; Verbindungen schaffen Bilder und Gr\u00fc\u00dfe, in Verbindung sein &#8211; Post- und Gru\u00dfkarten mit pers\u00f6nlichen Gr\u00fc\u00dfen erfreuen auch in Zeiten digitaler Kommunikationsmedien die Menschen, die sie empfangen. Anders als schnelle Textnachrichten schaffen sie doch eine andere Verbindung und haben einen bleibenden Erinnerungswert. Neben klassischen Postkarten, Themenkarten und Gru\u00dfkarten erweitern wir stetig unser Angebot &hellip; <\/p>\n<p class=\"link-more\"><a href=\"https:\/\/treeviews.de\/?page_id=13\" class=\"more-link\"><span class=\"screen-reader-text\">\u201eTreeviews Werkstatt\u201c<\/span> weiterlesen<\/a><\/p>\n","protected":false},"author":1,"featured_media":0,"parent":0,"menu_order":0,"comment_status":"closed","ping_status":"closed","template":"","meta":{"footnotes":""},"class_list":["post-13","page","type-page","status-publish","hentry"],"jetpack_sharing_enabled":true,"_links":{"self":[{"href":"https:\/\/treeviews.de\/index.php?rest_route=\/wp\/v2\/pages\/13","targetHints":{"allow":["GET"]}}],"collection":[{"href":"https:\/\/treeviews.de\/index.php?rest_route=\/wp\/v2\/pages"}],"about":[{"href":"https:\/\/treeviews.de\/index.php?rest_route=\/wp\/v2\/types\/page"}],"author":[{"embeddable":true,"href":"https:\/\/treeviews.de\/index.php?rest_route=\/wp\/v2\/users\/1"}],"replies":[{"embeddable":true,"href":"https:\/\/treeviews.de\/index.php?rest_route=%2Fwp%2Fv2%2Fcomments&post=13"}],"version-history":[{"count":20,"href":"https:\/\/treeviews.de\/index.php?rest_route=\/wp\/v2\/pages\/13\/revisions"}],"predecessor-version":[{"id":164,"href":"https:\/\/treeviews.de\/index.php?rest_route=\/wp\/v2\/pages\/13\/revisions\/164"}],"wp:attachment":[{"href":"https:\/\/treeviews.de\/index.php?rest_route=%2Fwp%2Fv2%2Fmedia&parent=13"}],"curies":[{"name":"wp","href":"https:\/\/api.w.org\/{rel}","templated":true}]}}