{"id":4,"date":"2020-06-22T11:25:33","date_gmt":"2020-06-22T11:25:33","guid":{"rendered":"http:\/\/treeviews.de\/?page_id=4"},"modified":"2025-02-17T21:32:09","modified_gmt":"2025-02-17T21:32:09","slug":"start","status":"publish","type":"page","link":"https:\/\/treeviews.de\/","title":{"rendered":"Beratung|Texte|Fotografie"},"content":{"rendered":"\n<p><\/p>\n\n\n\n<p><\/p>\n\n\n\n<p style=\"font-size:20px\">Nachhaltige Entwicklung regionaler R\u00e4ume, nachhaltiger Tourismus und Umweltbildung sind eng miteinander verkn\u00fcpft. Sensibel, verbunden und gut vernetzt im Nordosten Brandenburgs, unterst\u00fctze ich Sie gern bei Ihren Projekten und Vorhaben.<\/p>\n\n\n\n<p><\/p>\n\n\n\n<div class=\"wp-block-columns is-layout-flex wp-container-core-columns-is-layout-1 wp-block-columns-is-layout-flex\">\n<div class=\"wp-block-column is-vertically-aligned-top is-layout-flow wp-block-column-is-layout-flow\">\n<p style=\"font-size:16px\">Vom Scouting \u00fcber Kartierung bis zur Erstellung touristischer Wegekonzeptionen oder Reisebrosch\u00fcren begleite ich Sie auf Ihrem Weg.<\/p>\n<\/div>\n\n\n\n<div class=\"wp-block-column is-layout-flow wp-block-column-is-layout-flow\">\n<p style=\"font-size:16px\">Gute Konzepte und Dokumentationen brauchen gutes Bildmaterial &#8211; Menschen, Landschaften, Luftaufnahmen und Videoerstellung &#8211; wir finden das passende f\u00fcr Ihr Vorhaben.<\/p>\n<\/div>\n\n\n\n<div class=\"wp-block-column is-layout-flow wp-block-column-is-layout-flow\">\n<p style=\"font-size:16px\">Sensibel und auf Augenh\u00f6he bin ich in Ver\u00e4nderungs- und Umsetzungsprozessen an Ihrer Seite &#8211; von der Workshopkonzeption bis zur Moderation.<\/p>\n<\/div>\n<\/div>\n\n\n\n<h2 class=\"has-text-align-center wp-block-heading\"><em>Wege schaffen Verbindungen<\/em><\/h2>\n\n\n\n<p> <\/p>\n\n\n\n<p> <\/p>\n\n\n\n<p><\/p>\n\n\n\n<p><\/p>\n\n\n\n<p><\/p>\n\n\n\n<p><\/p>\n\n\n\n<p><\/p>\n\n\n\n<hr class=\"wp-block-separator has-alpha-channel-opacity\"\/>\n\n\n\n<p><\/p>\n\n\n\n<p class=\"has-text-align-left\"><\/p>\n\n\n\n<div class=\"wp-block-media-text has-media-on-the-right\" style=\"grid-template-columns:auto 30%\"><div class=\"wp-block-media-text__content\">\n\n<p>Stadt Eberswalde<\/p>\n\n\n<p class=\"has-small-font-size\">Reisef\u00fchrer &#8222;Jakobsweg -Pilgern auf der Via Imperii im Barnim&#8220;<br>(Redaktion, Texte, Fotografie)<\/p>\n\n\n<p><\/p>\n\n\n<p><\/p>\n\n\n<p><\/p>\n\n<\/div><figure class=\"wp-block-media-text__media\"><img loading=\"lazy\" decoding=\"async\" width=\"476\" height=\"754\" src=\"https:\/\/treeviews.de\/wp-content\/uploads\/2025\/02\/Screenshot-2024-11-18-103647.png\" alt=\"\" class=\"wp-image-118 size-medium\" srcset=\"https:\/\/treeviews.de\/wp-content\/uploads\/2025\/02\/Screenshot-2024-11-18-103647.png 476w, https:\/\/treeviews.de\/wp-content\/uploads\/2025\/02\/Screenshot-2024-11-18-103647-189x300.png 189w\" sizes=\"auto, (max-width: 476px) 100vw, 476px\" \/><\/figure><\/div>\n\n\n\n<p><\/p>\n\n\n\n<p><\/p>\n\n\n\n<div class=\"wp-block-media-text has-media-on-the-right is-stacked-on-mobile\" style=\"grid-template-columns:auto 15%\"><div class=\"wp-block-media-text__content\">\n\n<p class=\"has-text-align-left\">St. Jakobusgesellschaft Berlin-Brandenburg-Oderregion e.V.<\/p>\n\n\n<p class=\"has-small-font-size\">Trailscouting, Wegekartierung,<br>Bestandsaufnahme und Wegekonzeption<\/p>\n\n\n<p class=\"has-small-font-size\">www.brandenburger-jakobswege.de<\/p>\n\n<\/div><figure class=\"wp-block-media-text__media\"><img loading=\"lazy\" decoding=\"async\" width=\"300\" height=\"300\" src=\"https:\/\/treeviews.de\/wp-content\/uploads\/2021\/04\/img_1365-300x300.jpg\" alt=\"\" class=\"wp-image-83 size-medium\" srcset=\"https:\/\/treeviews.de\/wp-content\/uploads\/2021\/04\/img_1365-300x300.jpg 300w, https:\/\/treeviews.de\/wp-content\/uploads\/2021\/04\/img_1365-1024x1024.jpg 1024w, https:\/\/treeviews.de\/wp-content\/uploads\/2021\/04\/img_1365-150x150.jpg 150w, https:\/\/treeviews.de\/wp-content\/uploads\/2021\/04\/img_1365-768x768.jpg 768w, https:\/\/treeviews.de\/wp-content\/uploads\/2021\/04\/img_1365-1536x1536.jpg 1536w, https:\/\/treeviews.de\/wp-content\/uploads\/2021\/04\/img_1365-2048x2048.jpg 2048w, https:\/\/treeviews.de\/wp-content\/uploads\/2021\/04\/img_1365-100x100.jpg 100w\" sizes=\"auto, (max-width: 300px) 100vw, 300px\" \/><\/figure><\/div>\n\n\n\n<p><\/p>\n\n\n\n<p><\/p>\n\n\n\n<div class=\"wp-block-media-text has-media-on-the-right is-stacked-on-mobile\" style=\"grid-template-columns:auto 15%\"><div class=\"wp-block-media-text__content\">\n\n<p>Kloster Chorin<\/p>\n\n\n<p class=\"has-small-font-size\">Evaluation des Tagungsformates und des Netzwerks<br>\u201eSpiritualit\u00e4t und Tourismus in Uckermark und Barnim\u201c<\/p>\n\n\n<p class=\"has-small-font-size\">www.kloster-chorin.org<\/p>\n\n<\/div><figure class=\"wp-block-media-text__media\"><img loading=\"lazy\" decoding=\"async\" width=\"110\" height=\"160\" src=\"https:\/\/treeviews.de\/wp-content\/uploads\/2025\/02\/Kloster-Chorin-Header-Logo-2-1.png\" alt=\"\" class=\"wp-image-133 size-full\"\/><\/figure><\/div>\n\n\n\n<p><\/p>\n","protected":false},"excerpt":{"rendered":"<p>Nachhaltige Entwicklung regionaler R\u00e4ume, nachhaltiger Tourismus und Umweltbildung sind eng miteinander verkn\u00fcpft. Sensibel, verbunden und gut vernetzt im Nordosten Brandenburgs, unterst\u00fctze ich Sie gern bei Ihren Projekten und Vorhaben. Vom Scouting \u00fcber Kartierung bis zur Erstellung touristischer Wegekonzeptionen oder Reisebrosch\u00fcren begleite ich Sie auf Ihrem Weg. Gute Konzepte und Dokumentationen brauchen gutes Bildmaterial &#8211; Menschen, &hellip; <\/p>\n<p class=\"link-more\"><a href=\"https:\/\/treeviews.de\/\" class=\"more-link\"><span class=\"screen-reader-text\">\u201eBeratung|Texte|Fotografie\u201c<\/span> weiterlesen<\/a><\/p>\n","protected":false},"author":1,"featured_media":0,"parent":0,"menu_order":0,"comment_status":"closed","ping_status":"closed","template":"","meta":{"footnotes":""},"class_list":["post-4","page","type-page","status-publish","hentry"],"jetpack_sharing_enabled":true,"_links":{"self":[{"href":"https:\/\/treeviews.de\/index.php?rest_route=\/wp\/v2\/pages\/4","targetHints":{"allow":["GET"]}}],"collection":[{"href":"https:\/\/treeviews.de\/index.php?rest_route=\/wp\/v2\/pages"}],"about":[{"href":"https:\/\/treeviews.de\/index.php?rest_route=\/wp\/v2\/types\/page"}],"author":[{"embeddable":true,"href":"https:\/\/treeviews.de\/index.php?rest_route=\/wp\/v2\/users\/1"}],"replies":[{"embeddable":true,"href":"https:\/\/treeviews.de\/index.php?rest_route=%2Fwp%2Fv2%2Fcomments&post=4"}],"version-history":[{"count":43,"href":"https:\/\/treeviews.de\/index.php?rest_route=\/wp\/v2\/pages\/4\/revisions"}],"predecessor-version":[{"id":165,"href":"https:\/\/treeviews.de\/index.php?rest_route=\/wp\/v2\/pages\/4\/revisions\/165"}],"wp:attachment":[{"href":"https:\/\/treeviews.de\/index.php?rest_route=%2Fwp%2Fv2%2Fmedia&parent=4"}],"curies":[{"name":"wp","href":"https:\/\/api.w.org\/{rel}","templated":true}]}}